{"id":317,"date":"2026-03-09T18:39:23","date_gmt":"2026-03-09T17:39:23","guid":{"rendered":"https:\/\/rplaser.pl\/?page_id=317"},"modified":"2026-03-09T18:45:23","modified_gmt":"2026-03-09T17:45:23","slug":"technologia","status":"publish","type":"page","link":"https:\/\/rplaser.pl\/?page_id=317","title":{"rendered":"Technologia"},"content":{"rendered":"\t\t<div data-elementor-type=\"wp-page\" data-elementor-id=\"317\" class=\"elementor elementor-317\">\n\t\t\t\t<div class=\"elementor-element elementor-element-64340f6 e-flex e-con-boxed e-con e-parent\" data-id=\"64340f6\" data-element_type=\"container\">\n\t\t\t\t\t<div class=\"e-con-inner\">\n\t\t<div class=\"elementor-element elementor-element-b831f3f e-con-full e-flex e-con e-child\" data-id=\"b831f3f\" data-element_type=\"container\">\n\t\t\t\t<div class=\"elementor-element elementor-element-becd459 elementor-widget elementor-widget-heading\" data-id=\"becd459\" data-element_type=\"widget\" data-widget_type=\"heading.default\">\n\t\t\t\t\t<h2 class=\"elementor-heading-title elementor-size-default\">Technologia<\/h2>\t\t\t\t<\/div>\n\t\t\t\t<\/div>\n\t\t\t\t\t<\/div>\n\t\t\t\t<\/div>\n\t\t<div class=\"elementor-element elementor-element-7fcc796 e-flex e-con-boxed e-con e-parent\" data-id=\"7fcc796\" data-element_type=\"container\">\n\t\t\t\t\t<div class=\"e-con-inner\">\n\t\t<div class=\"elementor-element elementor-element-57e563e e-con-full e-flex e-con e-child\" data-id=\"57e563e\" data-element_type=\"container\">\n\t\t\t\t<div class=\"elementor-element elementor-element-d4e57db elementor-widget elementor-widget-heading\" data-id=\"d4e57db\" data-element_type=\"widget\" data-widget_type=\"heading.default\">\n\t\t\t\t\t<h2 class=\"elementor-heading-title elementor-size-default\">Czyszczenie laserowe \u2013 nowoczesna technologia usuwania zanieczyszcze\u0144<\/h2>\t\t\t\t<\/div>\n\t\t<div class=\"elementor-element elementor-element-2b294b4 e-con-full e-flex e-con e-child\" data-id=\"2b294b4\" data-element_type=\"container\">\n\t\t\t\t<div class=\"elementor-element elementor-element-58aff73 elementor-widget elementor-widget-text-editor\" data-id=\"58aff73\" data-element_type=\"widget\" data-widget_type=\"text-editor.default\">\n\t\t\t\t\t\t\t\t\t<p data-start=\"485\" data-end=\"838\">Czyszczenie laserowe to jedna z najnowocze\u015bniejszych technologii stosowanych do usuwania r\u00f3\u017cnego rodzaju zanieczyszcze\u0144 z powierzchni materia\u0142\u00f3w. Metoda ta wykorzystuje skoncentrowan\u0105 wi\u0105zk\u0119 lasera, kt\u00f3ra pozwala w spos\u00f3b precyzyjny i kontrolowany usuwa\u0107 pow\u0142oki takie jak rdza, farba, lakier, sadza, oleje, nagary czy inne zanieczyszczenia przemys\u0142owe.<\/p><p data-start=\"840\" data-end=\"1069\">Technologia ta jest ca\u0142kowicie bezkontaktowa \u2013 oznacza to, \u017ce podczas procesu czyszczenia nie dochodzi do mechanicznego \u015bcierania powierzchni. Dzi\u0119ki temu materia\u0142 bazowy pozostaje nienaruszony, a ryzyko uszkodze\u0144 jest minimalne.<\/p><p data-start=\"1071\" data-end=\"1336\">Laser umo\u017cliwia selektywne usuwanie pow\u0142ok, co oznacza, \u017ce mo\u017cna usun\u0105\u0107 tylko konkretn\u0105 warstw\u0119 materia\u0142u, pozostawiaj\u0105c pozosta\u0142e bez zmian. Jest to szczeg\u00f3lnie wa\u017cne w przypadku delikatnych powierzchni, element\u00f3w zabytkowych lub precyzyjnych cz\u0119\u015bci przemys\u0142owych.<\/p>\t\t\t\t\t\t\t\t<\/div>\n\t\t\t\t<\/div>\n\t\t\t\t<\/div>\n\t\t<div class=\"elementor-element elementor-element-ee2d0ab e-con-full e-flex e-con e-child\" data-id=\"ee2d0ab\" data-element_type=\"container\">\n\t\t\t\t<div class=\"elementor-element elementor-element-3d63bf9 elementor-widget elementor-widget-image\" data-id=\"3d63bf9\" data-element_type=\"widget\" data-widget_type=\"image.default\">\n\t\t\t\t\t\t\t\t\t\t\t\t\t\t\t<img fetchpriority=\"high\" decoding=\"async\" width=\"1080\" height=\"1845\" src=\"https:\/\/rplaser.pl\/wp-content\/uploads\/2026\/03\/2026-03-06-1709198881.jpg\" class=\"attachment-full size-full wp-image-320\" alt=\"\" srcset=\"https:\/\/rplaser.pl\/wp-content\/uploads\/2026\/03\/2026-03-06-1709198881.jpg 1080w, https:\/\/rplaser.pl\/wp-content\/uploads\/2026\/03\/2026-03-06-1709198881-176x300.jpg 176w, https:\/\/rplaser.pl\/wp-content\/uploads\/2026\/03\/2026-03-06-1709198881-599x1024.jpg 599w, https:\/\/rplaser.pl\/wp-content\/uploads\/2026\/03\/2026-03-06-1709198881-768x1312.jpg 768w, https:\/\/rplaser.pl\/wp-content\/uploads\/2026\/03\/2026-03-06-1709198881-899x1536.jpg 899w\" sizes=\"(max-width: 1080px) 100vw, 1080px\" \/>\t\t\t\t\t\t\t\t\t\t\t\t\t\t\t<\/div>\n\t\t\t\t<\/div>\n\t\t\t\t\t<\/div>\n\t\t\t\t<\/div>\n\t\t<div class=\"elementor-element elementor-element-9ac53f8 e-flex e-con-boxed e-con e-parent\" data-id=\"9ac53f8\" data-element_type=\"container\">\n\t\t\t\t\t<div class=\"e-con-inner\">\n\t\t<div class=\"elementor-element elementor-element-f2b2b77 e-con-full e-flex e-con e-child\" data-id=\"f2b2b77\" data-element_type=\"container\">\n\t\t\t\t<div class=\"elementor-element elementor-element-4e09a84 elementor-widget elementor-widget-heading\" data-id=\"4e09a84\" data-element_type=\"widget\" data-widget_type=\"heading.default\">\n\t\t\t\t\t<h2 class=\"elementor-heading-title elementor-size-default\">Ablacja laserowa \u2013 jak dzia\u0142a proces czyszczenia laserem<\/h2>\t\t\t\t<\/div>\n\t\t<div class=\"elementor-element elementor-element-afb8622 e-con-full e-flex e-con e-child\" data-id=\"afb8622\" data-element_type=\"container\">\n\t\t\t\t<div class=\"elementor-element elementor-element-4182a74 elementor-widget elementor-widget-text-editor\" data-id=\"4182a74\" data-element_type=\"widget\" data-widget_type=\"text-editor.default\">\n\t\t\t\t\t\t\t\t\t<p data-start=\"1403\" data-end=\"1611\">Podstaw\u0105 dzia\u0142ania technologii czyszczenia laserowego jest zjawisko <strong data-start=\"1471\" data-end=\"1492\">ablacji laserowej<\/strong>. Polega ono na przekazaniu energii wi\u0105zki lasera do warstwy zanieczyszczenia znajduj\u0105cej si\u0119 na powierzchni materia\u0142u.<\/p><p data-start=\"1613\" data-end=\"1938\">Pod wp\u0142ywem energii laserowej dochodzi do bardzo szybkiego nagrzania zanieczyszcze\u0144, kt\u00f3re nast\u0119pnie odparowuj\u0105 lub ulegaj\u0105 rozpadowi na mikroskopijne cz\u0105steczki. Proces ten zachodzi niezwykle szybko i punktowo, dzi\u0119ki czemu energia oddzia\u0142uje g\u0142\u00f3wnie na warstw\u0119 zanieczyszczenia, a nie na materia\u0142 znajduj\u0105cy si\u0119 pod spodem.<\/p><p data-start=\"1940\" data-end=\"2159\">Dzi\u0119ki mo\u017cliwo\u015bci precyzyjnej regulacji parametr\u00f3w takich jak moc lasera, d\u0142ugo\u015b\u0107 impulsu czy cz\u0119stotliwo\u015b\u0107 pracy urz\u0105dzenia, mo\u017cliwe jest dostosowanie procesu czyszczenia do konkretnego materia\u0142u i rodzaju zabrudzenia.<\/p><p data-start=\"2161\" data-end=\"2285\">Pozwala to bezpiecznie czy\u015bci\u0107 zar\u00f3wno elementy stalowe i aluminiowe, jak i powierzchnie betonowe, kamienne czy kompozytowe.<\/p>\t\t\t\t\t\t\t\t<\/div>\n\t\t\t\t<\/div>\n\t\t\t\t<\/div>\n\t\t\t\t<div class=\"elementor-element elementor-element-508ecd2 elementor-widget elementor-widget-image\" data-id=\"508ecd2\" data-element_type=\"widget\" data-widget_type=\"image.default\">\n\t\t\t\t\t\t\t\t\t\t\t\t\t\t\t<img decoding=\"async\" width=\"977\" height=\"1584\" src=\"https:\/\/rplaser.pl\/wp-content\/uploads\/2026\/03\/20260129_164953.jpg\" class=\"attachment-full size-full wp-image-321\" alt=\"\" srcset=\"https:\/\/rplaser.pl\/wp-content\/uploads\/2026\/03\/20260129_164953.jpg 977w, https:\/\/rplaser.pl\/wp-content\/uploads\/2026\/03\/20260129_164953-185x300.jpg 185w, https:\/\/rplaser.pl\/wp-content\/uploads\/2026\/03\/20260129_164953-632x1024.jpg 632w, https:\/\/rplaser.pl\/wp-content\/uploads\/2026\/03\/20260129_164953-768x1245.jpg 768w, https:\/\/rplaser.pl\/wp-content\/uploads\/2026\/03\/20260129_164953-947x1536.jpg 947w\" sizes=\"(max-width: 977px) 100vw, 977px\" \/>\t\t\t\t\t\t\t\t\t\t\t\t\t\t\t<\/div>\n\t\t\t\t\t<\/div>\n\t\t\t\t<\/div>\n\t\t<div class=\"elementor-element elementor-element-68ad5b3 e-flex e-con-boxed e-con e-parent\" data-id=\"68ad5b3\" data-element_type=\"container\">\n\t\t\t\t\t<div class=\"e-con-inner\">\n\t\t<div class=\"elementor-element elementor-element-e9542eb e-con-full e-flex e-con e-child\" data-id=\"e9542eb\" data-element_type=\"container\">\n\t\t\t\t<div class=\"elementor-element elementor-element-e2f120c elementor-widget elementor-widget-heading\" data-id=\"e2f120c\" data-element_type=\"widget\" data-widget_type=\"heading.default\">\n\t\t\t\t\t<h2 class=\"elementor-heading-title elementor-size-default\">Zalety czyszczenia laserowego<\/h2>\t\t\t\t<\/div>\n\t\t<div class=\"elementor-element elementor-element-b0d97f7 e-con-full e-flex e-con e-child\" data-id=\"b0d97f7\" data-element_type=\"container\">\n\t\t\t\t<div class=\"elementor-element elementor-element-48bc1a3 elementor-widget elementor-widget-text-editor\" data-id=\"48bc1a3\" data-element_type=\"widget\" data-widget_type=\"text-editor.default\">\n\t\t\t\t\t\t\t\t\t<p data-start=\"2325\" data-end=\"2448\">Czyszczenie laserem jest jedn\u0105 z najbardziej skutecznych i ekologicznych metod usuwania zanieczyszcze\u0144 dost\u0119pnych na rynku.<\/p><p data-start=\"2450\" data-end=\"2490\">Najwa\u017cniejsze zalety tej technologii to:<\/p><ul data-start=\"2492\" data-end=\"2887\"><li data-section-id=\"bxzm8o\" data-start=\"2492\" data-end=\"2549\"><p data-start=\"2494\" data-end=\"2549\">precyzyjne usuwanie rdzy, farby i pow\u0142ok technicznych<\/p><\/li><li data-section-id=\"nvzcx3\" data-start=\"2550\" data-end=\"2596\"><p data-start=\"2552\" data-end=\"2596\">brak kontaktu mechanicznego z powierzchni\u0105<\/p><\/li><li data-section-id=\"jef2uu\" data-start=\"2597\" data-end=\"2658\"><p data-start=\"2599\" data-end=\"2658\">brak konieczno\u015bci stosowania chemii lub \u015brodk\u00f3w \u015bciernych<\/p><\/li><li data-section-id=\"yk6nvf\" data-start=\"2659\" data-end=\"2719\"><p data-start=\"2661\" data-end=\"2719\">minimalna ilo\u015b\u0107 odpad\u00f3w powstaj\u0105cych podczas czyszczenia<\/p><\/li><li data-section-id=\"xue6i\" data-start=\"2720\" data-end=\"2781\"><p data-start=\"2722\" data-end=\"2781\">wysoka skuteczno\u015b\u0107 nawet przy trudnych zanieczyszczeniach<\/p><\/li><li data-section-id=\"11wox9\" data-start=\"2782\" data-end=\"2831\"><p data-start=\"2784\" data-end=\"2831\">mo\u017cliwo\u015b\u0107 pracy na delikatnych powierzchniach<\/p><\/li><li data-section-id=\"2slu60\" data-start=\"2832\" data-end=\"2887\"><p data-start=\"2834\" data-end=\"2887\">ekologiczna i bezpieczna dla \u015brodowiska technologia<\/p><\/li><\/ul><p data-start=\"2889\" data-end=\"2968\">Czyszczenie laserowe w wielu przypadkach zast\u0119puje tradycyjne metody takie jak:<\/p><ul data-start=\"2970\" data-end=\"3054\"><li data-section-id=\"a4lilv\" data-start=\"2970\" data-end=\"2985\"><p data-start=\"2972\" data-end=\"2985\">piaskowanie<\/p><\/li><li data-section-id=\"1trm1cb\" data-start=\"2986\" data-end=\"2999\"><p data-start=\"2988\" data-end=\"2999\">sodowanie<\/p><\/li><li data-section-id=\"1wry5t5\" data-start=\"3000\" data-end=\"3028\"><p data-start=\"3002\" data-end=\"3028\">czyszczenie suchym lodem<\/p><\/li><li data-section-id=\"5b6yo7\" data-start=\"3029\" data-end=\"3054\"><p data-start=\"3031\" data-end=\"3054\">czyszczenie chemiczne<\/p><\/li><\/ul><p data-start=\"3056\" data-end=\"3189\">Dodatkow\u0105 zalet\u0105 jest wysoka precyzja, dzi\u0119ki kt\u00f3rej mo\u017cna usuwa\u0107 tylko wybrane warstwy materia\u0142u bez ingerencji w struktur\u0119 pod\u0142o\u017ca.<\/p>\t\t\t\t\t\t\t\t<\/div>\n\t\t\t\t<\/div>\n\t\t\t\t<\/div>\n\t\t\t\t<div class=\"elementor-element elementor-element-a8c6daa elementor-widget elementor-widget-image\" data-id=\"a8c6daa\" data-element_type=\"widget\" data-widget_type=\"image.default\">\n\t\t\t\t\t\t\t\t\t\t\t\t\t\t\t<img decoding=\"async\" width=\"798\" height=\"1462\" src=\"https:\/\/rplaser.pl\/wp-content\/uploads\/2026\/03\/20250906_1323261.jpg\" class=\"attachment-full size-full wp-image-322\" alt=\"\" srcset=\"https:\/\/rplaser.pl\/wp-content\/uploads\/2026\/03\/20250906_1323261.jpg 798w, https:\/\/rplaser.pl\/wp-content\/uploads\/2026\/03\/20250906_1323261-164x300.jpg 164w, https:\/\/rplaser.pl\/wp-content\/uploads\/2026\/03\/20250906_1323261-559x1024.jpg 559w, https:\/\/rplaser.pl\/wp-content\/uploads\/2026\/03\/20250906_1323261-768x1407.jpg 768w\" sizes=\"(max-width: 798px) 100vw, 798px\" \/>\t\t\t\t\t\t\t\t\t\t\t\t\t\t\t<\/div>\n\t\t\t\t\t<\/div>\n\t\t\t\t<\/div>\n\t\t<div class=\"elementor-element elementor-element-eecb7a3 e-flex e-con-boxed e-con e-parent\" data-id=\"eecb7a3\" data-element_type=\"container\">\n\t\t\t\t\t<div class=\"e-con-inner\">\n\t\t<div class=\"elementor-element elementor-element-4ec7566 e-con-full e-flex e-con e-child\" data-id=\"4ec7566\" data-element_type=\"container\">\n\t\t\t\t<div class=\"elementor-element elementor-element-8751fe4 elementor-widget elementor-widget-heading\" data-id=\"8751fe4\" data-element_type=\"widget\" data-widget_type=\"heading.default\">\n\t\t\t\t\t<h2 class=\"elementor-heading-title elementor-size-default\">Zastosowanie czyszczenia laserowego w r\u00f3\u017cnych bran\u017cach<\/h2>\t\t\t\t<\/div>\n\t\t<div class=\"elementor-element elementor-element-160ee3b e-con-full e-flex e-con e-child\" data-id=\"160ee3b\" data-element_type=\"container\">\n\t\t\t\t<div class=\"elementor-element elementor-element-ca7a72b elementor-widget elementor-widget-text-editor\" data-id=\"ca7a72b\" data-element_type=\"widget\" data-widget_type=\"text-editor.default\">\n\t\t\t\t\t\t\t\t\t<h2 data-section-id=\"tds0tr\" data-start=\"3513\" data-end=\"3548\">Konserwacja zabytk\u00f3w i renowacja<\/h2><p data-start=\"3550\" data-end=\"3750\">Czyszczenie laserowe jest coraz cz\u0119\u015bciej wykorzystywane w pracach konserwatorskich. Metoda ta pozwala usuwa\u0107 zabrudzenia z bardzo du\u017c\u0105 precyzj\u0105, bez ryzyka uszkodzenia oryginalnej struktury materia\u0142u.<\/p><p data-start=\"3752\" data-end=\"3787\">Laser stosuje si\u0119 mi\u0119dzy innymi do:<\/p><ul data-start=\"3789\" data-end=\"3987\"><li data-section-id=\"1q7ne8g\" data-start=\"3789\" data-end=\"3836\"><p data-start=\"3791\" data-end=\"3836\">czyszczenia kamienia i elewacji zabytkowych<\/p><\/li><li data-section-id=\"uow6jz\" data-start=\"3837\" data-end=\"3895\"><p data-start=\"3839\" data-end=\"3895\">usuwania zabrudze\u0144 z rze\u017ab i detali architektonicznych<\/p><\/li><li data-section-id=\"yw7cwa\" data-start=\"3896\" data-end=\"3934\"><p data-start=\"3898\" data-end=\"3934\">usuwania starych pow\u0142ok malarskich<\/p><\/li><li data-section-id=\"72lq2g\" data-start=\"3935\" data-end=\"3987\"><p data-start=\"3937\" data-end=\"3987\">usuwania nalot\u00f3w i osad\u00f3w z element\u00f3w metalowych<\/p><\/li><\/ul><p data-start=\"3989\" data-end=\"4099\">Dzi\u0119ki bezkontaktowej technologii mo\u017cliwe jest czyszczenie nawet bardzo delikatnych powierzchni historycznych.<\/p><h2 data-section-id=\"17k5uq3\" data-start=\"4106\" data-end=\"4129\">Przemys\u0142 i produkcja<\/h2><p data-start=\"4131\" data-end=\"4290\">W przemy\u015ble czyszczenie laserowe wykorzystywane jest do przygotowania powierzchni przed procesami technologicznymi oraz do regeneracji element\u00f3w produkcyjnych.<\/p><p data-start=\"4292\" data-end=\"4320\">Najcz\u0119stsze zastosowania to:<\/p><ul data-start=\"4322\" data-end=\"4585\"><li data-section-id=\"1xpqlo5\" data-start=\"4322\" data-end=\"4373\"><p data-start=\"4324\" data-end=\"4373\">usuwanie rdzy ze stali i konstrukcji metalowych<\/p><\/li><li data-section-id=\"31321v\" data-start=\"4374\" data-end=\"4421\"><p data-start=\"4376\" data-end=\"4421\">czyszczenie form wtryskowych i odlewniczych<\/p><\/li><li data-section-id=\"1a3l6i4\" data-start=\"4422\" data-end=\"4465\"><p data-start=\"4424\" data-end=\"4465\">usuwanie pow\u0142ok technicznych i lakier\u00f3w<\/p><\/li><li data-section-id=\"6b9i01\" data-start=\"4466\" data-end=\"4526\"><p data-start=\"4468\" data-end=\"4526\">przygotowanie powierzchni przed spawaniem lub malowaniem<\/p><\/li><li data-section-id=\"4h06w\" data-start=\"4527\" data-end=\"4585\"><p data-start=\"4529\" data-end=\"4585\">usuwanie olej\u00f3w, smar\u00f3w i zanieczyszcze\u0144 produkcyjnych<\/p><\/li><\/ul><p data-start=\"4587\" data-end=\"4690\">Technologia ta pozwala skr\u00f3ci\u0107 czas przestoju maszyn oraz zwi\u0119kszy\u0107 efektywno\u015b\u0107 proces\u00f3w produkcyjnych.<\/p><h2 data-section-id=\"1pj43ic\" data-start=\"4697\" data-end=\"4711\">Motoryzacja<\/h2><p data-start=\"4713\" data-end=\"4831\">W bran\u017cy motoryzacyjnej czyszczenie laserowe stosuje si\u0119 zar\u00f3wno przy produkcji, jak i renowacji cz\u0119\u015bci samochodowych.<\/p><p data-start=\"4833\" data-end=\"4867\">Laser doskonale sprawdza si\u0119 przy:<\/p><ul data-start=\"4869\" data-end=\"5077\"><li data-section-id=\"1d3hxyx\" data-start=\"4869\" data-end=\"4908\"><p data-start=\"4871\" data-end=\"4908\">usuwaniu rdzy z element\u00f3w karoserii<\/p><\/li><li data-section-id=\"1jitu05\" data-start=\"4909\" data-end=\"4939\"><p data-start=\"4911\" data-end=\"4939\">czyszczeniu cz\u0119\u015bci silnika<\/p><\/li><li data-section-id=\"1az3nm\" data-start=\"4940\" data-end=\"4981\"><p data-start=\"4942\" data-end=\"4981\">usuwaniu farby i pow\u0142ok lakierniczych<\/p><\/li><li data-section-id=\"xbu9v5\" data-start=\"4982\" data-end=\"5042\"><p data-start=\"4984\" data-end=\"5042\">przygotowaniu powierzchni przed spawaniem lub malowaniem<\/p><\/li><li data-section-id=\"m1pvxv\" data-start=\"5043\" data-end=\"5077\"><p data-start=\"5045\" data-end=\"5077\">renowacji zabytkowych pojazd\u00f3w<\/p><\/li><\/ul><p data-start=\"5079\" data-end=\"5175\">Dzi\u0119ki wysokiej precyzji mo\u017cliwe jest czyszczenie nawet skomplikowanych element\u00f3w mechanicznych.<\/p><h2 data-section-id=\"1265jpx\" data-start=\"5182\" data-end=\"5218\">Budownictwo i konstrukcje stalowe<\/h2><p data-start=\"5220\" data-end=\"5377\">W budownictwie technologia laserowa stosowana jest do czyszczenia element\u00f3w konstrukcyjnych oraz powierzchni wymagaj\u0105cych przygotowania przed dalsz\u0105 obr\u00f3bk\u0105.<\/p><p data-start=\"5379\" data-end=\"5411\">Najcz\u0119\u015bciej wykonywane prace to:<\/p><ul data-start=\"5413\" data-end=\"5591\"><li data-section-id=\"1ed9ojl\" data-start=\"5413\" data-end=\"5454\"><p data-start=\"5415\" data-end=\"5454\">usuwanie rdzy z konstrukcji stalowych<\/p><\/li><li data-section-id=\"1o9wake\" data-start=\"5455\" data-end=\"5515\"><p data-start=\"5457\" data-end=\"5515\">czyszczenie element\u00f3w most\u00f3w i konstrukcji przemys\u0142owych<\/p><\/li><li data-section-id=\"krxf04\" data-start=\"5516\" data-end=\"5553\"><p data-start=\"5518\" data-end=\"5553\">usuwanie farb i pow\u0142ok ochronnych<\/p><\/li><li data-section-id=\"17plvo6\" data-start=\"5554\" data-end=\"5591\"><p data-start=\"5556\" data-end=\"5591\">czyszczenie spoin przed spawaniem<\/p><\/li><li data-section-id=\"17plvo6\" data-start=\"5554\" data-end=\"5591\">czyszczenie ceg\u0142y i tynk\u00f3w<\/li><\/ul><p data-start=\"5593\" data-end=\"5670\">Laser umo\u017cliwia dok\u0142adne przygotowanie powierzchni bez uszkadzania materia\u0142u.<\/p><h1 data-section-id=\"x1d40j\" data-start=\"5677\" data-end=\"5704\">Co mo\u017cna czy\u015bci\u0107 laserem?<\/h1><p data-start=\"5706\" data-end=\"5798\">Technologia czyszczenia laserowego pozwala usuwa\u0107 wiele rodzaj\u00f3w zanieczyszcze\u0144, takich jak:<\/p><ul data-start=\"5800\" data-end=\"5990\"><li data-section-id=\"1oh96uc\" data-start=\"5800\" data-end=\"5818\"><p data-start=\"5802\" data-end=\"5818\">rdza i korozja<\/p><\/li><li data-section-id=\"139n5ny\" data-start=\"5819\" data-end=\"5838\"><p data-start=\"5821\" data-end=\"5838\">farby i lakiery<\/p><\/li><li data-section-id=\"29ia3k\" data-start=\"5839\" data-end=\"5860\"><p data-start=\"5841\" data-end=\"5860\">sadza po po\u017carach<\/p><\/li><li data-section-id=\"1vq141l\" data-start=\"5861\" data-end=\"5890\"><p data-start=\"5863\" data-end=\"5890\">oleje i smary przemys\u0142owe<\/p><\/li><li data-section-id=\"vwzwuf\" data-start=\"5891\" data-end=\"5924\"><p data-start=\"5893\" data-end=\"5924\">nagary i osady technologiczne<\/p><\/li><li data-section-id=\"19j67u3\" data-start=\"5925\" data-end=\"5960\"><p data-start=\"5927\" data-end=\"5960\">pow\u0142oki techniczne<\/p><\/li><li data-section-id=\"10njkqd\" data-start=\"5961\" data-end=\"5990\"><p data-start=\"5963\" data-end=\"5990\">zabrudzenia atmosferyczne<\/p><\/li><\/ul><p data-start=\"5992\" data-end=\"6059\">Metoda ta mo\u017ce by\u0107 stosowana na r\u00f3\u017cnych materia\u0142ach, mi\u0119dzy innymi:<\/p><ul data-start=\"6061\" data-end=\"6170\"><li data-section-id=\"18cxwd3\" data-start=\"6061\" data-end=\"6087\"><p data-start=\"6063\" data-end=\"6087\">stal i metale kolorowe<\/p><\/li><li data-section-id=\"gzl9fv\" data-start=\"6088\" data-end=\"6101\"><p data-start=\"6090\" data-end=\"6101\">aluminium<\/p><\/li><li data-section-id=\"1v36zm4\" data-start=\"6102\" data-end=\"6112\"><p data-start=\"6104\" data-end=\"6112\">\u017celiwo<\/p><\/li><li data-section-id=\"tx95zu\" data-start=\"6113\" data-end=\"6122\"><p data-start=\"6115\" data-end=\"6122\">beton<\/p><\/li><li data-section-id=\"11ukkrr\" data-start=\"6123\" data-end=\"6133\"><p data-start=\"6125\" data-end=\"6133\">kamie\u0144<\/p><\/li><li data-section-id=\"s11kul\" data-start=\"6134\" data-end=\"6144\"><p data-start=\"6136\" data-end=\"6144\">drewno<\/p><\/li><li data-section-id=\"7vv0o\" data-start=\"6145\" data-end=\"6170\"><p data-start=\"6147\" data-end=\"6170\">materia\u0142y kompozytowe<\/p><\/li><li data-section-id=\"7vv0o\" data-start=\"6145\" data-end=\"6170\">ceg\u0142a<\/li><\/ul><p data-start=\"6172\" data-end=\"6325\">Dzi\u0119ki swojej precyzji i skuteczno\u015bci czyszczenie laserowe staje si\u0119 coraz cz\u0119\u015bciej wybieran\u0105 alternatyw\u0105 dla tradycyjnych metod czyszczenia powierzchni.<\/p>\t\t\t\t\t\t\t\t<\/div>\n\t\t\t\t<\/div>\n\t\t\t\t<\/div>\n\t\t\t\t<div class=\"elementor-element elementor-element-0cf5f9a elementor-widget elementor-widget-image\" data-id=\"0cf5f9a\" data-element_type=\"widget\" data-widget_type=\"image.default\">\n\t\t\t\t\t\t\t\t\t\t\t\t\t\t\t<img loading=\"lazy\" decoding=\"async\" width=\"1982\" height=\"2560\" src=\"https:\/\/rplaser.pl\/wp-content\/uploads\/2026\/03\/20250918_1315152-scaled.jpg\" class=\"attachment-full size-full wp-image-323\" alt=\"\" srcset=\"https:\/\/rplaser.pl\/wp-content\/uploads\/2026\/03\/20250918_1315152-scaled.jpg 1982w, https:\/\/rplaser.pl\/wp-content\/uploads\/2026\/03\/20250918_1315152-232x300.jpg 232w, https:\/\/rplaser.pl\/wp-content\/uploads\/2026\/03\/20250918_1315152-793x1024.jpg 793w, https:\/\/rplaser.pl\/wp-content\/uploads\/2026\/03\/20250918_1315152-768x992.jpg 768w, https:\/\/rplaser.pl\/wp-content\/uploads\/2026\/03\/20250918_1315152-1189x1536.jpg 1189w, https:\/\/rplaser.pl\/wp-content\/uploads\/2026\/03\/20250918_1315152-1586x2048.jpg 1586w\" sizes=\"(max-width: 1982px) 100vw, 1982px\" \/>\t\t\t\t\t\t\t\t\t\t\t\t\t\t\t<\/div>\n\t\t\t\t\t<\/div>\n\t\t\t\t<\/div>\n\t\t\t\t<\/div>\n\t\t","protected":false},"excerpt":{"rendered":"<p>Technologia Czyszczenie laserowe \u2013 nowoczesna technologia usuwania zanieczyszcze\u0144 Czyszczenie laserowe to jedna z najnowocze\u015bniejszych technologii stosowanych do usuwania r\u00f3\u017cnego rodzaju [&hellip;]<\/p>\n","protected":false},"author":1,"featured_media":319,"parent":0,"menu_order":0,"comment_status":"closed","ping_status":"closed","template":"","meta":{"site-sidebar-layout":"no-sidebar","site-content-layout":"","ast-site-content-layout":"full-width-container","site-content-style":"default","site-sidebar-style":"default","ast-global-header-display":"","ast-banner-title-visibility":"","ast-main-header-display":"","ast-hfb-above-header-display":"","ast-hfb-below-header-display":"","ast-hfb-mobile-header-display":"","site-post-title":"disabled","ast-breadcrumbs-content":"","ast-featured-img":"disabled","footer-sml-layout":"","theme-transparent-header-meta":"","adv-header-id-meta":"","stick-header-meta":"","header-above-stick-meta":"","header-main-stick-meta":"","header-below-stick-meta":"","astra-migrate-meta-layouts":"default","ast-page-background-enabled":"default","ast-page-background-meta":{"desktop":{"background-color":"var(--ast-global-color-5)","background-image":"","background-repeat":"repeat","background-position":"center center","background-size":"auto","background-attachment":"scroll","background-type":"","background-media":"","overlay-type":"","overlay-color":"","overlay-opacity":"","overlay-gradient":""},"tablet":{"background-color":"","background-image":"","background-repeat":"repeat","background-position":"center center","background-size":"auto","background-attachment":"scroll","background-type":"","background-media":"","overlay-type":"","overlay-color":"","overlay-opacity":"","overlay-gradient":""},"mobile":{"background-color":"","background-image":"","background-repeat":"repeat","background-position":"center center","background-size":"auto","background-attachment":"scroll","background-type":"","background-media":"","overlay-type":"","overlay-color":"","overlay-opacity":"","overlay-gradient":""}},"ast-content-background-meta":{"desktop":{"background-color":"var(--ast-global-color-4)","background-image":"","background-repeat":"repeat","background-position":"center center","background-size":"auto","background-attachment":"scroll","background-type":"","background-media":"","overlay-type":"","overlay-color":"","overlay-opacity":"","overlay-gradient":""},"tablet":{"background-color":"var(--ast-global-color-4)","background-image":"","background-repeat":"repeat","background-position":"center center","background-size":"auto","background-attachment":"scroll","background-type":"","background-media":"","overlay-type":"","overlay-color":"","overlay-opacity":"","overlay-gradient":""},"mobile":{"background-color":"var(--ast-global-color-4)","background-image":"","background-repeat":"repeat","background-position":"center center","background-size":"auto","background-attachment":"scroll","background-type":"","background-media":"","overlay-type":"","overlay-color":"","overlay-opacity":"","overlay-gradient":""}},"footnotes":""},"class_list":["post-317","page","type-page","status-publish","has-post-thumbnail","hentry"],"_links":{"self":[{"href":"https:\/\/rplaser.pl\/index.php?rest_route=\/wp\/v2\/pages\/317","targetHints":{"allow":["GET"]}}],"collection":[{"href":"https:\/\/rplaser.pl\/index.php?rest_route=\/wp\/v2\/pages"}],"about":[{"href":"https:\/\/rplaser.pl\/index.php?rest_route=\/wp\/v2\/types\/page"}],"author":[{"embeddable":true,"href":"https:\/\/rplaser.pl\/index.php?rest_route=\/wp\/v2\/users\/1"}],"replies":[{"embeddable":true,"href":"https:\/\/rplaser.pl\/index.php?rest_route=%2Fwp%2Fv2%2Fcomments&post=317"}],"version-history":[{"count":7,"href":"https:\/\/rplaser.pl\/index.php?rest_route=\/wp\/v2\/pages\/317\/revisions"}],"predecessor-version":[{"id":329,"href":"https:\/\/rplaser.pl\/index.php?rest_route=\/wp\/v2\/pages\/317\/revisions\/329"}],"wp:featuredmedia":[{"embeddable":true,"href":"https:\/\/rplaser.pl\/index.php?rest_route=\/wp\/v2\/media\/319"}],"wp:attachment":[{"href":"https:\/\/rplaser.pl\/index.php?rest_route=%2Fwp%2Fv2%2Fmedia&parent=317"}],"curies":[{"name":"wp","href":"https:\/\/api.w.org\/{rel}","templated":true}]}}